{"id":1029,"date":"2024-10-09T09:09:22","date_gmt":"2024-10-09T07:09:22","guid":{"rendered":"http:\/\/diewe-staging.seiten.co\/agb\/"},"modified":"2025-02-28T08:18:18","modified_gmt":"2025-02-28T07:18:18","slug":"agb","status":"publish","type":"page","link":"https:\/\/www.diewe.de\/en\/agb\/","title":{"rendered":"GTC"},"content":{"rendered":"\n\t<section id=\"legal-information-block_5f974554386f6a9cb5280bff2bd659df\" class=\"legal-information mt-desk_120 mt-mob_40 mb-desk_120 mb-mob_40\">\n\t\t<div class=\"container\">\n\t\t\t<div class=\"breadcrumbs-area\"><span><span><a href=\"https:\/\/www.diewe.de\/en\/\">Home page<\/a><\/span><\/span><\/div>\t\t\t\t\t\t\t<div class=\"title-default\"><h1>AGB<\/h1>\n<\/div>\n\t\t\t\t\t\t<div class=\"legal-information__info\">\n\t\t\t\t\t\t\t\t\t<div class=\"text-default\"><h6>Verkaufs-, Liefer- und Zahlungsbedingungen<\/h6>\n<p>Unsere Angebote und Lieferungen erfolgen unter den nachstehenden Bedingungen. Abweichende Vereinbarungen bed\u00fcrfen der Schriftform und sind f\u00fcr uns erst durch unsere ausdr\u00fcckliche schriftliche Best\u00e4tigung verbindlich. Bei Ab\u00e4nderungen einzelner Punkte dieser Bedingungen bleiben die \u00fcbrigen Bestimmungen in Kraft. M\u00fcndliche Nebenabreden sind unwirksam.<br \/>\n&nbsp;<\/p>\n<h6>1. Angebote und Auftrag<\/h6>\n<p>Unsere Angebote sind stets freibleibend, Kostenvoranschl\u00e4ge unverbindlich. Der Auftrag gilt erst als angenommen, wenn er von uns schriftlich best\u00e4tigt oder bereits ausgef\u00fchrt ist. Mit widerspruchsloser Entgegennahme unserer Auftragsbest\u00e4tigung bzw. der Warenlieferung anerkennt der K\u00e4ufer diese Bedingungen.<br \/>\n&nbsp;<\/p>\n<h6>2. Preise<\/h6>\n<p>Unsere Preise gelten ab Werk. Sofern nicht besondere Versandanweisungen vorliegen, w\u00e4hlen wir selbst Art und Weg des Versands. Verpackung, Porto, Zoll und Versicherung gehen zu Lasten des K\u00e4ufers. Versicherung wird nur auf ausdr\u00fccklichen Wunsch des K\u00e4ufers abgeschlossen. Die Verpackung wird zum Selbstkostenpreis berechnet und nicht zur\u00fcckgenommen. Wir behalten uns vor, die im Zeitpunkt der Lieferung oder Leistung g\u00fcltigen Preise und Steuern zu berechnen.<br \/>\n&nbsp;<\/p>\n<h6>3. Lieferung<\/h6>\n<p>Die Lieferung erfolgt ab Werk. Die Lieferfrist beginnt mit dem Tag unserer Auftragsannahme jedoch nicht vor Kl\u00e4rung aller Einzelheiten der Auftragsausf\u00fchrung. Lieferzeitangaben sind nur ann\u00e4hernd. Anspr\u00fcche wegen versp\u00e4teter Lieferung sind ausgeschlossen, es sei denn, dass uns ein Verschulden trifft, das der K\u00e4ufer zu beweisen hat. Betriebsst\u00f6rungen aller Art bei uns und unseren Lieferanten und Ereignisse h\u00f6herer Gewalt berechtigen uns, die Lieferzeit angemessen zu verl\u00e4ngern und, wenn die n\u00e4heren Umst\u00e4nde es erfordern, die Lieferungsverp\ufb02ichtungen ganz oder teilweise aufzuheben. Der h\u00f6heren Gewalt stehen Umst\u00e4nde gleich, die uns ohne unser Verschulden die Lieferung unzumutbar erschweren oder unm\u00f6glich machen. Mit \u00dcbergabe der Ware an den Spediteur oder Frachtf\u00fchrer, sp\u00e4testens jedoch mit dem Verlassen unseres Werkes, geht die Gefahr in jedem Fall auf den K\u00e4ufer \u00fcber.<br \/>\n&nbsp;<\/p>\n<h6>4. Zahlungsbedingungen<\/h6>\n<p>Bei Zahlung innerhalb von 10 Tagen nach Rechnungsdatum gew\u00e4hren wir 2 % Skonto. Ansonsten ist der Rechnungsbetrag innerhalb von 30 Tagen netto ohne Abz\u00fcge zu bezahlen. Ger\u00e4t der K\u00e4ufer in Zahlungsverzug, so sind wir berechtigt, vom Zeitpunkt des Zahlungsverzugs an, Zinsen in H\u00f6he von den Gesch\u00e4ftsbanken \u00fcblichen Kontokorrentzinsen zu berechnen. Eine Aufrechnung ist grunds\u00e4tzlich ausgeschlossen, es sei denn, es handelt sich um titulierte oder von uns anerkannte unstreitige Forderungen. Ein Skonto wird nicht gew\u00e4hrt, wenn ein f\u00e4lliger Saldo zu unseren Gunsten im Zeitpunkt der Zahlung vorhanden ist. Zahlungen werden auf die jeweils \u00e4lteste Schuld angerechnet.<br \/>\n&nbsp;<\/p>\n<h6>5. Gew\u00e4hrleistung<\/h6>\n<p>Geringf\u00fcgige Abweichungen in Farbe, Aussehen und Abmessungen der Ware berechtigen nicht zu Reklamationen. M\u00e4ngelr\u00fcgen und Beanstandungen sind sofort, sp\u00e4testens jedoch 10 Tage nach Eintreffen der Lieferung am Bestimmungsort schriftlich zu erheben. Bei versteckten M\u00e4ngeln gelten die gesetzlichen Vorschriften. Wir \u00fcbernehmen Garantie f\u00fcr M\u00e4ngel, die auf Material- und Fabrikationsfehler zur\u00fcckzuf\u00fchren sind vom Lieferzeitpunkt an, bis zur gesetzlich vorgeschriebenen Zeitdauer danach, jedoch nicht f\u00fcr sonstige M\u00e4ngel. Beanstandungen k\u00f6nnen nicht anerkannt werden, wenn vom K\u00e4ufer oder Dritten irgendwelche Eingriffe an der Ware ohne unsere schriftliche Genehmigung erfolgt sind. Bei berechtigten M\u00e4ngelr\u00fcgen und Garantief\u00e4llen steht es uns frei, entweder Ersatzlieferung zu den zum Zeitpunkt der Beanstandung g\u00fcltigen Preisen oder Nachbesserungen vorzunehmen. Beanstandete Ware darf nur mit unserer Genehmigung und nur auf Rechnung und Gefahr des K\u00e4ufers zur\u00fcckgesandt werden. Die M\u00e4ngelanzeige befreit den K\u00e4ufer nicht von seiner Zahlungsverp\ufb02ichtung. Sonstige M\u00e4ngelanspr\u00fcche und Ersatzanspr\u00fcche des K\u00e4ufers vor allem f\u00fcr Nebenkosten und Folgesch\u00e4den sind ausgeschlossen.<\/p>\n<\/div>\n\t\t\t\t\t\t\t\t\t\t\t\t\t<div class=\"text-default\"><h6>6. Eigentumsvorbehalt<\/h6>\n<p>1. Die gelieferten Waren bleiben bis zu ihrer Bezahlung Eigentum des Verk\u00e4ufers. Der K\u00e4ufer kann jedoch die Waren im Rahmen eines<br \/>\nordnungsgem\u00e4\u00dfen Gesch\u00e4ftsbetriebes ver\u00e4u\u00dfern oder weiterverarbeiten. Jede Verpf\u00e4ndung oder Sicherungs\u00fcbereignung dieser Waren zugunsten Dritter ist ohne Zustimmung des Verk\u00e4ufers ausgeschlossen. Bei Pf\u00e4ndung dieser Ware durch Dritte muss der K\u00e4ufer dem Verk\u00e4ufer unverz\u00fcglich Anzeige machen.<\/p>\n<p>2. F\u00fcr den Fall der Verarbeitung und abschlie\u00dfender Ver\u00e4u\u00dferung gilt folgende Erg\u00e4nzung:<\/p>\n<p>a) Die gelieferte Ware bleibt bis zur vollen Bezahlung der Forderungen des Verk\u00e4ufers gegen den K\u00e4ufer Eigentum des Verk\u00e4ufers.<\/p>\n<p>b) Die Befugnis des K\u00e4ufers im ordnungsm\u00e4\u00dfigen Gesch\u00e4ftsverkehr Vorbehaltsware zu verarbeiten und zu ver\u00e4u\u00dfern, endet mit dessen Zahlungseinstellung oder dann, wenn \u00fcber das Verm\u00f6gen des K\u00e4ufers die Er\u00f6ffnung des Insolvenzverfahrens oder des Vergleichsverfahrens zur Abwendung der Insolvenz beantragt wird. Der K\u00e4ufer ist in diesem Falle verp\ufb02ichtet, auf erste Anforderung des Verk\u00e4ufers die unverarbeitete Vorbehaltsware herauszugeben. Der Verk\u00e4ufer wird dem K\u00e4ufer f\u00fcr zur\u00fcckgenommene unverarbeitete Vorbehaltsware den Erl\u00f6s gutschreiben, den er bei der bestm\u00f6glichen Verwertung erzielt (\u00a7 254 BGB). In einem Widerruf oder einem Verlangen auf Herausgabe der unverarbeiteten Vorbehaltsware durch den Verk\u00e4ufer liegt kein R\u00fccktritt vom Kaufvertrag.<\/p>\n<p>c) Verpf\u00e4ndung oder Sicherungs\u00fcbereignung der Vorbehaltsware oder der abgetretenen Forderungen ist unzul\u00e4ssig.<\/p>\n<p>d) Durch Verarbeitung der Vorbehaltsware erwirbt der K\u00e4ufer nicht das Eigentum gem. \u00a7 950 BGB an der neuen Sache. Die Verarbeitung wird durch den K\u00e4ufer f\u00fcr den Verk\u00e4ufer vorgenommen, ohne dass dem Verk\u00e4ufer hieraus Verbindlichkeiten entstehen. Wenn die Vorbehaltsware verarbeitet wird, erwirbt der Verk\u00e4ufer das Miteigentum an der neuen Sache in H\u00f6he des Rechnungswertes der Vorbehaltsware, die zu der neuen Sache verarbeitet worden ist.<\/p>\n<p>e) Der K\u00e4ufer tritt hiermit die Forderung aus einem Weiterverkauf der Vorbehaltsware an den Verk\u00e4ufer ab und zwar auch insoweit als die Ware verarbeitet ist. Die Abtretung wird auf die H\u00f6he des Rechnungswertes der Vorbehaltsware, die zu der neuen Sache verarbeitet worden ist, beschr\u00e4nkt.<\/p>\n<p>f) Der Verk\u00e4ufer wird die abgetretenen Forderungen, solange der K\u00e4ufer seinen Zahlungsverp\ufb02ichtungen nachkommt, nicht einziehen. Der K\u00e4ufer ist aber verp\ufb02ichtet, dem Verk\u00e4ufer auf Verlangen die Drittschuldner aufzugeben und diesen die Abtretung anzuzeigen. Er ist berechtigt, die Forderungen solange selbst einzuziehen, wie er seinen Zahlungsverp\ufb02ichtungen nachkommt und ihm der Verk\u00e4ufer keine andere Anweisung gibt.<\/p>\n<p>g) Der Eigentumsvorbehalt bleibt auch dann bestehen, wenn einzelne Forderungen des Verk\u00e4ufers in eine laufende Rechnung aufgenommen werden und der Saldo gezogen und anerkannt ist, es sei denn, der Saldo ist ausgeglichen.<\/p>\n<p>h) Der Verk\u00e4ufer verp\ufb02ichtet sich, die ihm nach den vorstehenden Bestimmungen zustehenden Sicherungen nach seiner Wahl insoweit freizugeben, als ihr Wert unter Ber\u00fccksichtigung der Wertsch\u00f6pfung durch den K\u00e4ufer die zu sichernden Forderungen um 10 % \u00fcbersteigt.<\/p>\n<p>i) Von Pf\u00e4ndungen ist der Verk\u00e4ufer unter Angabe des Pfandgl\u00e4ubigers sofort zu benachrichtigen.<\/p>\n<p>j) Der K\u00e4ufer ist verp\ufb02ichtet, sobald er die Zahlungen eingestellt hat, und zwar unverz\u00fcglich nach Bekanntgabe der Zahlungseinstellung, dem Verk\u00e4ufer eine Aufstellung \u00fcber die noch vorhandene Eigentumsvorbehaltsware, auch soweit sie verarbeitet ist, und eine Aufstellung der Forderungen an die Drittschuldner nebst Rechnungsgutschrift zu \u00fcbersenden.<\/p>\n<p>3. Sollte der Verk\u00e4ufer im Interesse des K\u00e4ufers Eventualverbindlichkeiten eingehen (Scheck-Wechselzahlung), so bleibt der verl\u00e4ngerte und erweiterte Eigentumsvorbehalt bestehen bis der Verk\u00e4ufer aus diesen Verbindlichkeiten vollst\u00e4ndig freigestellt ist.<br \/>\n&nbsp;<\/p>\n<h6>7. Erf\u00fcllungsort und Gerichtsstand<\/h6>\n<p>Als Erf\u00fcllungsort wird unser Firmensitz in Kissing vereinbart. Als Gerichtsstand gilt der Platz, an dem sich die f\u00fcr uns zust\u00e4ndigen Gerichte be\ufb01nden. Wir behalten uns vor, jedes andere nach den gesetzlichen Vorschriften zul\u00e4ssige Gericht anzurufen. Es gilt ausschlie\u00dflich das Recht der Bundesrepublik Deutschland.<\/p>\n<\/div>\n\t\t\t\t\t\t\t<\/div>\n\t\t<\/div>\n\t<\/section>\n\n","protected":false},"excerpt":{"rendered":"","protected":false},"author":1,"featured_media":14604,"parent":0,"menu_order":0,"comment_status":"closed","ping_status":"closed","template":"","meta":{"_acf_changed":false,"footnotes":""},"class_list":["post-1029","page","type-page","status-publish","has-post-thumbnail","hentry"],"acf":[],"yoast_head":"<!-- This site is optimized with the Yoast SEO plugin v27.3 - https:\/\/yoast.com\/product\/yoast-seo-wordpress\/ -->\n<title>GTC - diewe<\/title>\n<meta name=\"robots\" content=\"index, follow, max-snippet:-1, max-image-preview:large, max-video-preview:-1\" \/>\n<link rel=\"canonical\" href=\"https:\/\/www.diewe.de\/en\/agb\/\" \/>\n<meta property=\"og:locale\" content=\"en_US\" \/>\n<meta property=\"og:type\" content=\"article\" \/>\n<meta property=\"og:title\" content=\"GTC - diewe\" \/>\n<meta property=\"og:url\" content=\"https:\/\/www.diewe.de\/en\/agb\/\" \/>\n<meta property=\"og:site_name\" content=\"diewe\" \/>\n<meta property=\"article:publisher\" content=\"https:\/\/www.instagram.com\/diewediamant\/\" \/>\n<meta property=\"article:modified_time\" content=\"2025-02-28T07:18:18+00:00\" \/>\n<meta property=\"og:image\" content=\"https:\/\/www.diewe.de\/wp-content\/uploads\/2024\/12\/Beitragsbild_AGB.jpg\" \/>\n\t<meta property=\"og:image:width\" content=\"359\" \/>\n\t<meta property=\"og:image:height\" content=\"359\" \/>\n\t<meta property=\"og:image:type\" content=\"image\/jpeg\" \/>\n<meta name=\"twitter:card\" content=\"summary_large_image\" \/>\n<script type=\"application\/ld+json\" class=\"yoast-schema-graph\">{\"@context\":\"https:\\\/\\\/schema.org\",\"@graph\":[{\"@type\":\"WebPage\",\"@id\":\"https:\\\/\\\/www.diewe.de\\\/en\\\/agb\\\/\",\"url\":\"https:\\\/\\\/www.diewe.de\\\/en\\\/agb\\\/\",\"name\":\"GTC - diewe\",\"isPartOf\":{\"@id\":\"https:\\\/\\\/www.diewe.de\\\/#website\"},\"primaryImageOfPage\":{\"@id\":\"https:\\\/\\\/www.diewe.de\\\/en\\\/agb\\\/#primaryimage\"},\"image\":{\"@id\":\"https:\\\/\\\/www.diewe.de\\\/en\\\/agb\\\/#primaryimage\"},\"thumbnailUrl\":\"https:\\\/\\\/www.diewe.de\\\/wp-content\\\/uploads\\\/2024\\\/12\\\/Beitragsbild_AGB.jpg\",\"datePublished\":\"2024-10-09T07:09:22+00:00\",\"dateModified\":\"2025-02-28T07:18:18+00:00\",\"breadcrumb\":{\"@id\":\"https:\\\/\\\/www.diewe.de\\\/en\\\/agb\\\/#breadcrumb\"},\"inLanguage\":\"en-US\",\"potentialAction\":[{\"@type\":\"ReadAction\",\"target\":[\"https:\\\/\\\/www.diewe.de\\\/en\\\/agb\\\/\"]}]},{\"@type\":\"ImageObject\",\"inLanguage\":\"en-US\",\"@id\":\"https:\\\/\\\/www.diewe.de\\\/en\\\/agb\\\/#primaryimage\",\"url\":\"https:\\\/\\\/www.diewe.de\\\/wp-content\\\/uploads\\\/2024\\\/12\\\/Beitragsbild_AGB.jpg\",\"contentUrl\":\"https:\\\/\\\/www.diewe.de\\\/wp-content\\\/uploads\\\/2024\\\/12\\\/Beitragsbild_AGB.jpg\",\"width\":359,\"height\":359},{\"@type\":\"BreadcrumbList\",\"@id\":\"https:\\\/\\\/www.diewe.de\\\/en\\\/agb\\\/#breadcrumb\",\"itemListElement\":[{\"@type\":\"ListItem\",\"position\":1,\"name\":\"Home page\",\"item\":\"https:\\\/\\\/www.diewe.de\\\/en\\\/\"},{\"@type\":\"ListItem\",\"position\":2,\"name\":\"GTC\"}]},{\"@type\":\"WebSite\",\"@id\":\"https:\\\/\\\/www.diewe.de\\\/#website\",\"url\":\"https:\\\/\\\/www.diewe.de\\\/\",\"name\":\"diewe.de\",\"description\":\"\",\"potentialAction\":[{\"@type\":\"SearchAction\",\"target\":{\"@type\":\"EntryPoint\",\"urlTemplate\":\"https:\\\/\\\/www.diewe.de\\\/?s={search_term_string}\"},\"query-input\":{\"@type\":\"PropertyValueSpecification\",\"valueRequired\":true,\"valueName\":\"search_term_string\"}}],\"inLanguage\":\"en-US\"}]}<\/script>\n<!-- \/ Yoast SEO plugin. -->","yoast_head_json":{"title":"GTC - diewe","robots":{"index":"index","follow":"follow","max-snippet":"max-snippet:-1","max-image-preview":"max-image-preview:large","max-video-preview":"max-video-preview:-1"},"canonical":"https:\/\/www.diewe.de\/en\/agb\/","og_locale":"en_US","og_type":"article","og_title":"GTC - diewe","og_url":"https:\/\/www.diewe.de\/en\/agb\/","og_site_name":"diewe","article_publisher":"https:\/\/www.instagram.com\/diewediamant\/","article_modified_time":"2025-02-28T07:18:18+00:00","og_image":[{"width":359,"height":359,"url":"https:\/\/www.diewe.de\/wp-content\/uploads\/2024\/12\/Beitragsbild_AGB.jpg","type":"image\/jpeg"}],"twitter_card":"summary_large_image","schema":{"@context":"https:\/\/schema.org","@graph":[{"@type":"WebPage","@id":"https:\/\/www.diewe.de\/en\/agb\/","url":"https:\/\/www.diewe.de\/en\/agb\/","name":"GTC - diewe","isPartOf":{"@id":"https:\/\/www.diewe.de\/#website"},"primaryImageOfPage":{"@id":"https:\/\/www.diewe.de\/en\/agb\/#primaryimage"},"image":{"@id":"https:\/\/www.diewe.de\/en\/agb\/#primaryimage"},"thumbnailUrl":"https:\/\/www.diewe.de\/wp-content\/uploads\/2024\/12\/Beitragsbild_AGB.jpg","datePublished":"2024-10-09T07:09:22+00:00","dateModified":"2025-02-28T07:18:18+00:00","breadcrumb":{"@id":"https:\/\/www.diewe.de\/en\/agb\/#breadcrumb"},"inLanguage":"en-US","potentialAction":[{"@type":"ReadAction","target":["https:\/\/www.diewe.de\/en\/agb\/"]}]},{"@type":"ImageObject","inLanguage":"en-US","@id":"https:\/\/www.diewe.de\/en\/agb\/#primaryimage","url":"https:\/\/www.diewe.de\/wp-content\/uploads\/2024\/12\/Beitragsbild_AGB.jpg","contentUrl":"https:\/\/www.diewe.de\/wp-content\/uploads\/2024\/12\/Beitragsbild_AGB.jpg","width":359,"height":359},{"@type":"BreadcrumbList","@id":"https:\/\/www.diewe.de\/en\/agb\/#breadcrumb","itemListElement":[{"@type":"ListItem","position":1,"name":"Home page","item":"https:\/\/www.diewe.de\/en\/"},{"@type":"ListItem","position":2,"name":"GTC"}]},{"@type":"WebSite","@id":"https:\/\/www.diewe.de\/#website","url":"https:\/\/www.diewe.de\/","name":"diewe.de","description":"","potentialAction":[{"@type":"SearchAction","target":{"@type":"EntryPoint","urlTemplate":"https:\/\/www.diewe.de\/?s={search_term_string}"},"query-input":{"@type":"PropertyValueSpecification","valueRequired":true,"valueName":"search_term_string"}}],"inLanguage":"en-US"}]}},"_links":{"self":[{"href":"https:\/\/www.diewe.de\/en\/wp-json\/wp\/v2\/pages\/1029","targetHints":{"allow":["GET"]}}],"collection":[{"href":"https:\/\/www.diewe.de\/en\/wp-json\/wp\/v2\/pages"}],"about":[{"href":"https:\/\/www.diewe.de\/en\/wp-json\/wp\/v2\/types\/page"}],"author":[{"embeddable":true,"href":"https:\/\/www.diewe.de\/en\/wp-json\/wp\/v2\/users\/1"}],"replies":[{"embeddable":true,"href":"https:\/\/www.diewe.de\/en\/wp-json\/wp\/v2\/comments?post=1029"}],"version-history":[{"count":11,"href":"https:\/\/www.diewe.de\/en\/wp-json\/wp\/v2\/pages\/1029\/revisions"}],"predecessor-version":[{"id":26135,"href":"https:\/\/www.diewe.de\/en\/wp-json\/wp\/v2\/pages\/1029\/revisions\/26135"}],"wp:featuredmedia":[{"embeddable":true,"href":"https:\/\/www.diewe.de\/en\/wp-json\/wp\/v2\/media\/14604"}],"wp:attachment":[{"href":"https:\/\/www.diewe.de\/en\/wp-json\/wp\/v2\/media?parent=1029"}],"curies":[{"name":"wp","href":"https:\/\/api.w.org\/{rel}","templated":true}]}}